{"id":16,"date":"2024-07-16T13:29:50","date_gmt":"2024-07-16T11:29:50","guid":{"rendered":"https:\/\/esclavasdelsantisimosacramento.org\/?page_id=16"},"modified":"2024-07-16T13:42:45","modified_gmt":"2024-07-16T11:42:45","slug":"postulantado","status":"publish","type":"page","link":"https:\/\/esclavasdelsantisimosacramento.org\/index.php\/postulantado\/","title":{"rendered":"Postulantado"},"content":{"rendered":"\n<figure class=\"wp-block-image size-full\"><img loading=\"lazy\" decoding=\"async\" width=\"640\" height=\"427\" src=\"http:\/\/esclavasdelsantisimosacramento.org\/wp-content\/uploads\/2024\/07\/rosa-roja-en-el-centro.jpg\" alt=\"\" class=\"wp-image-29\" srcset=\"https:\/\/esclavasdelsantisimosacramento.org\/wp-content\/uploads\/2024\/07\/rosa-roja-en-el-centro.jpg 640w, https:\/\/esclavasdelsantisimosacramento.org\/wp-content\/uploads\/2024\/07\/rosa-roja-en-el-centro-300x200.jpg 300w\" sizes=\"auto, (max-width: 640px) 100vw, 640px\" \/><\/figure>\n\n\n\n<p><em>El verdadero seguimiento de Jesucristo en la soledad, el silencio, la oraci\u00f3n y la austeridad es un don tan excelente que s\u00f3lo puede venir de Dios&nbsp;<\/em>(Jn 6,44), que elige a quien quiere con una particular predilecci\u00f3n (Dt 7,8). Por eso la admisi\u00f3n al Instituto exige de parte de \u00e9se y de parte de la aspirante se examine seriamente la existencia de una verdadera vocaci\u00f3n (125 Const.)<\/p>\n\n\n\n<h6 class=\"wp-block-heading\">De cartas circulares de Ntro. Padre cofundador, Jos\u00e9 antonio Aldama Prua\u00f1o, a sus Hijas<\/h6>\n\n\n\n<p><strong><em>\u00abMuchas veces pienso la alteza de la vocaci\u00f3n a que ha llamado misericordiosamente el Se\u00f1or a sus Esclavas; y quisiera verlas a todas llenando con perfecci\u00f3n esos amabil\u00edsimos planes de Dios. Su divina gracia no puede faltar para ello, porque se encierra en la gracia misma de vuestra vocaci\u00f3n. Trabajar ardorosamente con esa gracia, es lo que importa. Ese es trabajo de toda la vida; pero sus cimientos s\u00f3lidos hay que ponerlos en el Noviciado.<\/em><\/strong><\/p>\n\n\n\n<p><strong><em>El Noviciado es el principio de un camino fervoroso hacia Dios. Se empieza a andar, para seguir andando siempre; andando o corriendo o volando\u2026hasta llegar al abrazo eterno de Dios. Por eso es preciso fomentar en el alma eficazmente dos disposiciones interiores durante el Noviciado: una, que mira al fin del camino, que es Dios; otra, que se refiere a su punto de partida, que somos nosotros.<\/em><\/strong><\/p>\n\n\n\n<p><strong><em>Ir a Dios es salir de nosotros mismos. Porque o nos amamos a nosotros mismos, o amamos a Dios. El d\u00eda que hayamos dejado del todo a nosotros, ese d\u00eda habremos encontrado del todo a Dios. Olvidados de nosotros, amaremos a Dios.<\/em><\/strong><\/p>\n\n\n\n<p><strong><em>\u00a1Salir de s\u00ed mismo! El trabajo principal del Noviciado es cambiar el propio coraz\u00f3n. De un coraz\u00f3n que se ama a s\u00ed mismo, hay que hacer un coraz\u00f3n que de verdad ame a Dios. Cambiar nuestro pobre coraz\u00f3n humano y terreno, es negarle todo gusto, todo inter\u00e9s, todo alivio, todo descanso, todo temor, toda esperanza, todo amor que repose en nosotros mismos, para sustituir esa vida \u00edntima nuestra por el gusto, el inter\u00e9s, el alivio, el descanso, el temor, la esperanza y el amor que tenga por \u00faltimo t\u00e9rmino a Dios. Ese trabajo es de todos los d\u00edas y de todas las horas. Poco a poco con ese trabajo va nuestro coraz\u00f3n vaci\u00e1ndose en el molde perfecto, que es el Coraz\u00f3n de Jes\u00fas, trasladando a nosotros sus propios sentimientos y viviendo as\u00ed de su misma vida. Las almas que est\u00e1n siempre atentas a realizar ese trabajo, y lo realizan valientemente, son las que en realidad vuelan a Dios. As\u00ed quiero ver a mis novicias: no andando, sino volando en cada momento hacia Dios. 2<\/em><\/strong><\/p>\n\n\n\n<p><strong><em>Pero para sostener en fervor ese trabajo que es duro a nuestro amor propio, hay que mirar siempre al fin de nuestro camino: a la uni\u00f3n con Dios por el amor. Es la segunda disposici\u00f3n interior que hay que fomentar.<\/em><\/strong><\/p>\n\n\n\n<p><strong><em>Esa uni\u00f3n con Dios es lo m\u00e1s grande que podemos alcanzar en la tierra, es lo \u00fanico que vale la pena; todo lo dem\u00e1s no vale nada. Su deseo debe prender con ansia en el coraz\u00f3n, con ansia siempre creciente, con ansia que no se satisface en este mundo jam\u00e1s. Con la vocaci\u00f3n ha encendido el Se\u00f1or esa llama en nuestro coraz\u00f3n. Hay que trabajar porque no s\u00f3lo no se apague nunca, sino que vaya siempre creciendo, hasta que se haga un verdadero incendio en el alma, que consuma en sus llamas todo lo humano, para que lo domine todo Dios. Nada de contentarse con menos; nada de arrastrarse por la tierra las que quiere el Se\u00f1or que sean \u00e1guilas que tengan su nido en Dios. Esa ansia de Dios, ese deseo ardiente de amarle, ese anhelo siempre insatisfecho de su \u00edntima uni\u00f3n sostendr\u00e1 nuestro coraz\u00f3n cuando se le haga dura la renuncia de todo, cuando le cueste olvidarse de s\u00ed, cuando se resista a morir a s\u00ed mismo. Vale la pena darlo todo para conseguirlo todo: vender todos los bienes para comprar el campo donde est\u00e1 el tesoro. Y \u00a1el tesoro \u00fanico es \u00c9l!\u00bb<\/em><\/strong><\/p>\n\n\n\n<p><em>(Salamanca, 18 de noviembre 1951)<\/em><\/p>\n\n\n\n<p>La Congregaci\u00f3n cuenta con varios noviciados donde puedes formarte y conocer si tu vocaci\u00f3n es verdadera:<\/p>\n\n\n\n<p>En Espa\u00f1a:<\/p>\n\n\n\n<blockquote class=\"wp-block-quote is-layout-flow wp-block-quote-is-layout-flow\">\n<p><strong>CUENCA<\/strong>&nbsp; &#8211;&nbsp; Plaza de la Merced, 5&nbsp;&nbsp; &#8211;&nbsp; Tel. 969 214 505<\/p>\n<\/blockquote>\n\n\n\n<p>En Am\u00e9rica:<\/p>\n\n\n\n<blockquote class=\"wp-block-quote is-layout-flow wp-block-quote-is-layout-flow\">\n<p><strong>HATILLO,&nbsp; PUERTO RICO<\/strong>&nbsp;<\/p>\n\n\n\n<p>&nbsp;Call Box 69001, Suite 180&nbsp; &#8211;&nbsp; Tel. 787-8 20 28 66<\/p>\n\n\n\n<p><strong>MATAQUESCUINTLA, (JALAPA) GUATEMALA<\/strong><\/p>\n\n\n\n<p>&nbsp;Monasterio Nuestra Se\u00f1ora del Magn\u00edficat&nbsp; &#8211;&nbsp; Tel. 79 24 25 63<\/p>\n<\/blockquote>\n","protected":false},"excerpt":{"rendered":"<p>El verdadero seguimiento de Jesucristo en la soledad, el silencio, la oraci\u00f3n y la austeridad es un don tan excelente que s\u00f3lo puede venir de Dios&nbsp;(Jn 6,44), que elige a quien quiere con una particular predilecci\u00f3n (Dt 7,8). Por eso la admisi\u00f3n al Instituto exige de parte de \u00e9se y de parte de la aspirante [&hellip;]<\/p>\n","protected":false},"author":2,"featured_media":0,"parent":0,"menu_order":0,"comment_status":"closed","ping_status":"closed","template":"","meta":{"footnotes":""},"class_list":["post-16","page","type-page","status-publish","hentry"],"_links":{"self":[{"href":"https:\/\/esclavasdelsantisimosacramento.org\/index.php\/wp-json\/wp\/v2\/pages\/16","targetHints":{"allow":["GET"]}}],"collection":[{"href":"https:\/\/esclavasdelsantisimosacramento.org\/index.php\/wp-json\/wp\/v2\/pages"}],"about":[{"href":"https:\/\/esclavasdelsantisimosacramento.org\/index.php\/wp-json\/wp\/v2\/types\/page"}],"author":[{"embeddable":true,"href":"https:\/\/esclavasdelsantisimosacramento.org\/index.php\/wp-json\/wp\/v2\/users\/2"}],"replies":[{"embeddable":true,"href":"https:\/\/esclavasdelsantisimosacramento.org\/index.php\/wp-json\/wp\/v2\/comments?post=16"}],"version-history":[{"count":4,"href":"https:\/\/esclavasdelsantisimosacramento.org\/index.php\/wp-json\/wp\/v2\/pages\/16\/revisions"}],"predecessor-version":[{"id":27,"href":"https:\/\/esclavasdelsantisimosacramento.org\/index.php\/wp-json\/wp\/v2\/pages\/16\/revisions\/27"}],"wp:attachment":[{"href":"https:\/\/esclavasdelsantisimosacramento.org\/index.php\/wp-json\/wp\/v2\/media?parent=16"}],"curies":[{"name":"wp","href":"https:\/\/api.w.org\/{rel}","templated":true}]}}