{"id":18,"date":"2024-07-16T13:21:19","date_gmt":"2024-07-16T11:21:19","guid":{"rendered":"https:\/\/esclavasdelsantisimosacramento.org\/?page_id=18"},"modified":"2026-02-12T17:17:33","modified_gmt":"2026-02-12T15:17:33","slug":"historia","status":"publish","type":"page","link":"https:\/\/esclavasdelsantisimosacramento.org\/index.php\/historia\/","title":{"rendered":"Historia"},"content":{"rendered":"\n<div class=\"wp-block-media-text is-stacked-on-mobile\" style=\"grid-template-columns:28% auto\"><figure class=\"wp-block-media-text__media\"><img loading=\"lazy\" decoding=\"async\" width=\"173\" height=\"295\" src=\"http:\/\/esclavasdelsantisimosacramento.org\/wp-content\/uploads\/2024\/07\/N.M.Fundadora.jpg\" alt=\"\" class=\"wp-image-20 size-full\"\/><\/figure><div class=\"wp-block-media-text__content\">\n<p>Nuestra fundadaora la <strong>Rvda. M. Mar\u00eda Rosario del Esp\u00edritu Santo Lucas Burgos.<\/strong> Naci\u00f3 en almaer\u00eda el 27 de feberero de 1090 y muri\u00f3 santamente en c\u00f3rdoba el  de enero de 1960.<\/p>\n\n\n\n<p><\/p>\n<\/div><\/div>\n\n\n\n<div class=\"wp-block-media-text is-stacked-on-mobile\" style=\"grid-template-columns:28% auto\"><figure class=\"wp-block-media-text__media\"><img loading=\"lazy\" decoding=\"async\" width=\"130\" height=\"219\" src=\"http:\/\/esclavasdelsantisimosacramento.org\/wp-content\/uploads\/2024\/07\/Nto.-Padre.jpg\" alt=\"\" class=\"wp-image-19 size-full\"\/><\/figure><div class=\"wp-block-media-text__content\">\n<p>Nuestro Co-fundador el<strong>\u00a0Rvdo. P. Jos\u00e9 Antonio de Aldama, S. J.<\/strong>\u00a0Naci\u00f3 en Sanl\u00facar de Barrameda (C\u00e1diz), el 9 de julio de 1903; muri\u00f3 santamente en Granada el 23 de marzo de 1980.\u00a0Dos almas con el mismo ideal, que Dios une para llevar a cabo una misi\u00f3n.<\/p>\n<\/div><\/div>\n\n\n\n<p>&nbsp; El Instituto naci\u00f3 por el ardiente deseo de que nuestro Se\u00f1or Sacramentado no estuviera nunca solo; deseo que, el mismo Se\u00f1or, puso en ambos cuando todav\u00eda no se conoc\u00edan&#8230; \u201cMis delicias es estar con los hijos de los hombres\u201d. La Madre empez\u00f3 la Obra, mientras el Padre suplicaba insistentemente al Se\u00f1or, suscitase en su Iglesia una Congregaci\u00f3n que llevase a cabo ese deseo de su coraz\u00f3n.<\/p>\n\n\n\n<p>&nbsp;&nbsp; Se conocieron en los albores del Instituto, cuando empezaban los momentos azarosos. El Padre, fue enviado al Instituto por sus Superiores a la hora de Dios. Cuando hac\u00eda falta una mano experta y un coraz\u00f3n que vibrase con ardor por la Eucarist\u00eda, capaz de darlo todo por el Instituto. El Padre escribi\u00f3 las Constituciones y el Directorio Espiritual y con mente clar\u00edsima y mano prudente fue llevando las cosas por el cauce de la voluntad de Dios.<\/p>\n\n\n\n<p>&nbsp;&nbsp; La Congregaci\u00f3n naci\u00f3 el d\u00eda 24 de diciembre de 1943 en M\u00e1laga. Asistieron las cuatro primeras esclavas a la Misa de medianoche y despu\u00e9s se fueron a la casita que hab\u00edan preparado. Fue establecida como P\u00eda Uni\u00f3n en M\u00e1laga, el 24 de febrero de 1944. Es trasladada a Granada y el 15 de septiembre de 1948 es aprobada como Congregaci\u00f3n de Derecho Diocesano. El 7 de octubre siguiente se celebra solemnemente el acto de erecci\u00f3n can\u00f3nica y hacen los votos perpetuos las primeras profesas. Recibe la aprobaci\u00f3n Pontificia el 31 de mayo de 1989.<\/p>\n","protected":false},"excerpt":{"rendered":"<p>Nuestra fundadaora la Rvda. M. Mar\u00eda Rosario del Esp\u00edritu Santo Lucas Burgos. Naci\u00f3 en almaer\u00eda el 27 de feberero de 1090 y muri\u00f3 santamente en c\u00f3rdoba el de enero de 1960. Nuestro Co-fundador el\u00a0Rvdo. P. Jos\u00e9 Antonio de Aldama, S. J.\u00a0Naci\u00f3 en Sanl\u00facar de Barrameda (C\u00e1diz), el 9 de julio de 1903; muri\u00f3 santamente en [&hellip;]<\/p>\n","protected":false},"author":3,"featured_media":0,"parent":0,"menu_order":0,"comment_status":"closed","ping_status":"closed","template":"","meta":{"footnotes":""},"class_list":["post-18","page","type-page","status-publish","hentry"],"_links":{"self":[{"href":"https:\/\/esclavasdelsantisimosacramento.org\/index.php\/wp-json\/wp\/v2\/pages\/18","targetHints":{"allow":["GET"]}}],"collection":[{"href":"https:\/\/esclavasdelsantisimosacramento.org\/index.php\/wp-json\/wp\/v2\/pages"}],"about":[{"href":"https:\/\/esclavasdelsantisimosacramento.org\/index.php\/wp-json\/wp\/v2\/types\/page"}],"author":[{"embeddable":true,"href":"https:\/\/esclavasdelsantisimosacramento.org\/index.php\/wp-json\/wp\/v2\/users\/3"}],"replies":[{"embeddable":true,"href":"https:\/\/esclavasdelsantisimosacramento.org\/index.php\/wp-json\/wp\/v2\/comments?post=18"}],"version-history":[{"count":3,"href":"https:\/\/esclavasdelsantisimosacramento.org\/index.php\/wp-json\/wp\/v2\/pages\/18\/revisions"}],"predecessor-version":[{"id":84,"href":"https:\/\/esclavasdelsantisimosacramento.org\/index.php\/wp-json\/wp\/v2\/pages\/18\/revisions\/84"}],"wp:attachment":[{"href":"https:\/\/esclavasdelsantisimosacramento.org\/index.php\/wp-json\/wp\/v2\/media?parent=18"}],"curies":[{"name":"wp","href":"https:\/\/api.w.org\/{rel}","templated":true}]}}