{"id":31,"date":"2024-07-16T13:53:36","date_gmt":"2024-07-16T11:53:36","guid":{"rendered":"https:\/\/esclavasdelsantisimosacramento.org\/?page_id=31"},"modified":"2024-07-16T13:55:12","modified_gmt":"2024-07-16T11:55:12","slug":"rezar","status":"publish","type":"page","link":"https:\/\/esclavasdelsantisimosacramento.org\/index.php\/rezar\/","title":{"rendered":"Rezar"},"content":{"rendered":"\n<div class=\"wp-block-cover\" style=\"min-height:679px;aspect-ratio:unset;\"><span aria-hidden=\"true\" class=\"wp-block-cover__background has-background-dim\"><\/span><img loading=\"lazy\" decoding=\"async\" width=\"261\" height=\"300\" class=\"wp-block-cover__image-background wp-image-32\" alt=\"\" src=\"http:\/\/esclavasdelsantisimosacramento.org\/wp-content\/uploads\/2024\/07\/virgen_eucaristia.jpg\" data-object-fit=\"cover\"\/><div class=\"wp-block-cover__inner-container is-layout-flow wp-block-cover-is-layout-flow\">\n<p class=\"has-text-align-center has-large-font-size\">En nuestros conventos, en el postulantado&#8230; o desde casa, el trabajo, la naturaleza, la calle cualquier lugar puede ser bueno, sin olvidar que el recogimiento nos ayuda.<\/p>\n<\/div><\/div>\n\n\n\n<p><\/p>\n\n\n\n<p>Hay muchas maneras de hacerlo. Si todo lugar y circunstancia, son buenos para ponerse en contacto con Dios y rezar, no olvidemos que Jes\u00fas por su infinito AMOR ha querido quedarse con nosotros en la Sant\u00edsima Eucarist\u00eda, en cada Sagrario, y nosotros debemos corresponder a su derroche de AMOR, visit\u00e1ndole y haci\u00e9ndole compa\u00f1\u00eda. En la EUCARIST\u00cdA est\u00e1 JES\u00daS, VIVO, REAL Y VERDADERAMENTE PRESENTE<\/p>\n\n\n\n<p>. El amor necesita la cercan\u00eda, la presencia. Seg\u00fan aumente nuestro amor y nuestra fe, m\u00e1s necesidad tendremos de ir a su lado en el Sant\u00edsimo Sacramento, para adorarle, para pedirle, darle gracias y repararle por todos los pecados de la humanidad y especialmente de las ofensas que recibe en este Augusto Sacramento. Si estamos enfermos o impedidos, tambi\u00e9n podemos visitar a Jes\u00fas Sacramentado espiritualmente.<\/p>\n","protected":false},"excerpt":{"rendered":"<p>Hay muchas maneras de hacerlo. Si todo lugar y circunstancia, son buenos para ponerse en contacto con Dios y rezar, no olvidemos que Jes\u00fas por su infinito AMOR ha querido quedarse con nosotros en la Sant\u00edsima Eucarist\u00eda, en cada Sagrario, y nosotros debemos corresponder a su derroche de AMOR, visit\u00e1ndole y haci\u00e9ndole compa\u00f1\u00eda. En la [&hellip;]<\/p>\n","protected":false},"author":2,"featured_media":0,"parent":0,"menu_order":0,"comment_status":"closed","ping_status":"closed","template":"","meta":{"footnotes":""},"class_list":["post-31","page","type-page","status-publish","hentry"],"_links":{"self":[{"href":"https:\/\/esclavasdelsantisimosacramento.org\/index.php\/wp-json\/wp\/v2\/pages\/31","targetHints":{"allow":["GET"]}}],"collection":[{"href":"https:\/\/esclavasdelsantisimosacramento.org\/index.php\/wp-json\/wp\/v2\/pages"}],"about":[{"href":"https:\/\/esclavasdelsantisimosacramento.org\/index.php\/wp-json\/wp\/v2\/types\/page"}],"author":[{"embeddable":true,"href":"https:\/\/esclavasdelsantisimosacramento.org\/index.php\/wp-json\/wp\/v2\/users\/2"}],"replies":[{"embeddable":true,"href":"https:\/\/esclavasdelsantisimosacramento.org\/index.php\/wp-json\/wp\/v2\/comments?post=31"}],"version-history":[{"count":3,"href":"https:\/\/esclavasdelsantisimosacramento.org\/index.php\/wp-json\/wp\/v2\/pages\/31\/revisions"}],"predecessor-version":[{"id":35,"href":"https:\/\/esclavasdelsantisimosacramento.org\/index.php\/wp-json\/wp\/v2\/pages\/31\/revisions\/35"}],"wp:attachment":[{"href":"https:\/\/esclavasdelsantisimosacramento.org\/index.php\/wp-json\/wp\/v2\/media?parent=31"}],"curies":[{"name":"wp","href":"https:\/\/api.w.org\/{rel}","templated":true}]}}